{"id":6221,"date":"2022-11-14T10:46:19","date_gmt":"2022-11-14T10:46:19","guid":{"rendered":"https:\/\/staging.getcheckedearly.be\/wat-je-moet-weten-over-teelbalkanker\/"},"modified":"2024-03-05T15:14:09","modified_gmt":"2024-03-05T15:14:09","slug":"cancer-du-testicule-que-devez-vous-savoir","status":"publish","type":"page","link":"https:\/\/getcheckedearly.be\/fr\/cancer-du-testicule\/cancer-du-testicule-que-devez-vous-savoir\/","title":{"rendered":"Cancer du testicule : que devez-vous savoir ?"},"content":{"rendered":"\t\t<div data-elementor-type=\"wp-page\" data-elementor-id=\"6221\" class=\"elementor elementor-6221 elementor-6140\">\n\t\t\t\t\t\t<section class=\"elementor-section elementor-top-section elementor-element elementor-element-a11af80 elementor-section-boxed elementor-section-height-default elementor-section-height-default\" data-id=\"a11af80\" data-element_type=\"section\" data-e-type=\"section\">\n\t\t\t\t\t\t<div class=\"elementor-container elementor-column-gap-default\">\n\t\t\t\t\t<div class=\"elementor-column elementor-col-100 elementor-top-column elementor-element elementor-element-2d0d258\" data-id=\"2d0d258\" data-element_type=\"column\" data-e-type=\"column\">\n\t\t\t<div class=\"elementor-widget-wrap elementor-element-populated\">\n\t\t\t\t\t\t<div class=\"elementor-element elementor-element-4f0a531 elementor-widget elementor-widget-spacer\" data-id=\"4f0a531\" data-element_type=\"widget\" data-e-type=\"widget\" data-widget_type=\"spacer.default\">\n\t\t\t\t<div class=\"elementor-widget-container\">\n\t\t\t\t\t\t\t<div class=\"elementor-spacer\">\n\t\t\t<div class=\"elementor-spacer-inner\"><\/div>\n\t\t<\/div>\n\t\t\t\t\t\t<\/div>\n\t\t\t\t<\/div>\n\t\t\t\t\t<\/div>\n\t\t<\/div>\n\t\t\t\t\t<\/div>\n\t\t<\/section>\n\t\t\t\t<section class=\"elementor-section elementor-top-section elementor-element elementor-element-c28a2df elementor-section-boxed elementor-section-height-default elementor-section-height-default\" data-id=\"c28a2df\" data-element_type=\"section\" data-e-type=\"section\">\n\t\t\t\t\t\t<div class=\"elementor-container elementor-column-gap-default\">\n\t\t\t\t\t<div class=\"elementor-column elementor-col-100 elementor-top-column elementor-element elementor-element-d7c9231\" data-id=\"d7c9231\" data-element_type=\"column\" data-e-type=\"column\">\n\t\t\t<div class=\"elementor-widget-wrap elementor-element-populated\">\n\t\t\t\t\t\t<div class=\"elementor-element elementor-element-31af0fa elementor-widget elementor-widget-heading\" data-id=\"31af0fa\" data-element_type=\"widget\" data-e-type=\"widget\" data-widget_type=\"heading.default\">\n\t\t\t\t<div class=\"elementor-widget-container\">\n\t\t\t\t\t<h2 class=\"elementor-heading-title elementor-size-default\">Cancer du testicule : que devez-vous savoir ?<\/h2>\t\t\t\t<\/div>\n\t\t\t\t<\/div>\n\t\t\t\t\t<\/div>\n\t\t<\/div>\n\t\t\t\t\t<\/div>\n\t\t<\/section>\n\t\t\t\t<section class=\"elementor-section elementor-top-section elementor-element elementor-element-9f79423 elementor-section-boxed elementor-section-height-default elementor-section-height-default\" data-id=\"9f79423\" data-element_type=\"section\" data-e-type=\"section\">\n\t\t\t\t\t\t<div class=\"elementor-container elementor-column-gap-default\">\n\t\t\t\t\t<div class=\"elementor-column elementor-col-100 elementor-top-column elementor-element elementor-element-4cc276d\" data-id=\"4cc276d\" data-element_type=\"column\" data-e-type=\"column\">\n\t\t\t<div class=\"elementor-widget-wrap elementor-element-populated\">\n\t\t\t\t\t\t<section class=\"elementor-section elementor-inner-section elementor-element elementor-element-c02e2d7 elementor-section-boxed elementor-section-height-default elementor-section-height-default\" data-id=\"c02e2d7\" data-element_type=\"section\" data-e-type=\"section\">\n\t\t\t\t\t\t<div class=\"elementor-container elementor-column-gap-default\">\n\t\t\t\t\t<div class=\"elementor-column elementor-col-50 elementor-inner-column elementor-element elementor-element-c73417a\" data-id=\"c73417a\" data-element_type=\"column\" data-e-type=\"column\">\n\t\t\t<div class=\"elementor-widget-wrap elementor-element-populated\">\n\t\t\t\t\t\t<div class=\"elementor-element elementor-element-6016106 elementor-widget elementor-widget-image\" data-id=\"6016106\" data-element_type=\"widget\" data-e-type=\"widget\" data-widget_type=\"image.default\">\n\t\t\t\t<div class=\"elementor-widget-container\">\n\t\t\t\t\t\t\t\t\t\t\t\t\t\t\t<img fetchpriority=\"high\" decoding=\"async\" width=\"900\" height=\"974\" src=\"https:\/\/getcheckedearly.be\/wp-content\/uploads\/2022\/11\/1-946x1024.png\" class=\"attachment-large size-large wp-image-6173\" alt=\"\" srcset=\"https:\/\/getcheckedearly.be\/wp-content\/uploads\/2022\/11\/1-946x1024.png 946w, https:\/\/getcheckedearly.be\/wp-content\/uploads\/2022\/11\/1-277x300.png 277w, https:\/\/getcheckedearly.be\/wp-content\/uploads\/2022\/11\/1-768x831.png 768w, https:\/\/getcheckedearly.be\/wp-content\/uploads\/2022\/11\/1.png 1302w\" sizes=\"(max-width: 900px) 100vw, 900px\" \/>\t\t\t\t\t\t\t\t\t\t\t\t\t\t\t<\/div>\n\t\t\t\t<\/div>\n\t\t\t\t\t<\/div>\n\t\t<\/div>\n\t\t\t\t<div class=\"elementor-column elementor-col-50 elementor-inner-column elementor-element elementor-element-524aefc\" data-id=\"524aefc\" data-element_type=\"column\" data-e-type=\"column\">\n\t\t\t<div class=\"elementor-widget-wrap elementor-element-populated\">\n\t\t\t\t\t\t<div class=\"elementor-element elementor-element-5a5d3c3 elementor-widget elementor-widget-text-editor\" data-id=\"5a5d3c3\" data-element_type=\"widget\" data-e-type=\"widget\" data-widget_type=\"text-editor.default\">\n\t\t\t\t<div class=\"elementor-widget-container\">\n\t\t\t\t\t\t\t\t\t<p><strong>Cancer du testicule : soyez vigilant !<\/strong><\/p><p>Au cours des derni\u00e8res d\u00e9cennies, les tabous sont tomb\u00e9s les uns apr\u00e8s les autres. Certains, cependant, restent t\u00eatus. Le cancer du testicule fait partie de l&rsquo;un d&rsquo;eux. On n&rsquo;en parle pas aussi facilement que le cancer du sein ou le cancer du col de l&rsquo;ut\u00e9rus. Couilles, burnes,\u00a0 roubignolles, testicules, &#8230; Au moins, les noms ne manquent pas. Pourtant, l&#8217;embarras est \u00e0 la hauteur du nombre de synonymes. Apparemment, les hommes sont encore g\u00ean\u00e9s d&rsquo;\u00e9voquer leurs probl\u00e8mes d&rsquo; \u00ab\u00a0en bas\u00a0\u00bb, et il n&rsquo;y a pas lieu de l&rsquo;\u00eatre. Que devez-vous savoir \u00e0 ce propos et pourquoi il ne faut pas tarder \u00e0 consulter en cas de doute.<\/p><p><strong>440 nouveaux cas d&rsquo;ici 2020<\/strong><\/p><p>Le cancer des testicules est un cancer rare. En Belgique, en 2019, 71 651 personnes ont re\u00e7u un diagnostic de cancer, dont 396 cas concernaient le testicule. De ce fait, le cancer du testicule se retrouve \u00e0 la 26<sup>\u00e8me<\/sup> place des cancers les plus couramment diagnostiqu\u00e9s. En 2020, il y a eu 440 nouveaux cas de cancer du testicule sur un total de 68 782 cancers nouvellement diagnostiqu\u00e9s. C&rsquo;est l&rsquo;un des rares cancers pour lesquels il y a eu plus de nouveaux diagnostics en 2020 que ces derni\u00e8res ann\u00e9es. Comme dans d&rsquo;autres pays d&rsquo;Europe occidentale et septentrionale, l&rsquo;incidence, c&rsquo;est-\u00e0-dire le nombre de nouveaux diagnostics, a tendance \u00e0 augmenter. Nous ne savons pas encore pourquoi il en est ainsi.<\/p><p>\u00a0<\/p>\t\t\t\t\t\t\t\t<\/div>\n\t\t\t\t<\/div>\n\t\t\t\t\t<\/div>\n\t\t<\/div>\n\t\t\t\t\t<\/div>\n\t\t<\/section>\n\t\t\t\t\t<\/div>\n\t\t<\/div>\n\t\t\t\t\t<\/div>\n\t\t<\/section>\n\t\t\t\t<\/div>\n\t\t","protected":false},"excerpt":{"rendered":"<p>Cancer du testicule : que devez-vous savoir ? Cancer du testicule : soyez vigilant ! Au cours des derni\u00e8res d\u00e9cennies, les tabous sont tomb\u00e9s les uns apr\u00e8s les autres. Certains, cependant, restent t\u00eatus. Le cancer du testicule fait partie de l&rsquo;un d&rsquo;eux. On n&rsquo;en parle pas aussi facilement que le cancer du sein ou le &#8230; <a title=\"Cancer du testicule : que devez-vous savoir ?\" class=\"read-more\" href=\"https:\/\/getcheckedearly.be\/fr\/cancer-du-testicule\/cancer-du-testicule-que-devez-vous-savoir\/\" aria-label=\"En savoir plus sur Cancer du testicule : que devez-vous savoir ?\">Lire la suite<\/a><\/p>\n","protected":false},"author":5,"featured_media":6173,"parent":5846,"menu_order":0,"comment_status":"closed","ping_status":"closed","template":"elementor_header_footer","meta":{"footnotes":""},"class_list":["post-6221","page","type-page","status-publish","has-post-thumbnail"],"yoast_head":"<!-- This site is optimized with the Yoast SEO plugin v26.9 - https:\/\/yoast.com\/product\/yoast-seo-wordpress\/ -->\n<title>Cancer du testicule : que devez-vous savoir ? - Get Checked Early<\/title>\n<meta name=\"description\" content=\"Au cours des derni\u00e8res d\u00e9cennies, les tabous sont tomb\u00e9s les uns apr\u00e8s les autres. Certains, cependant, restent t\u00eatus. Le cancer du testicule fait partie de l&#039;un d&#039;eux.\" \/>\n<meta name=\"robots\" content=\"index, follow, max-snippet:-1, max-image-preview:large, max-video-preview:-1\" \/>\n<link rel=\"canonical\" href=\"https:\/\/getcheckedearly.be\/fr\/cancer-du-testicule-que-devez-vous-savoir\/\" \/>\n<meta property=\"og:locale\" content=\"fr_FR\" \/>\n<meta property=\"og:type\" content=\"article\" \/>\n<meta property=\"og:title\" content=\"Cancer du testicule : que devez-vous savoir ? - Get Checked Early\" \/>\n<meta property=\"og:description\" content=\"Au cours des derni\u00e8res d\u00e9cennies, les tabous sont tomb\u00e9s les uns apr\u00e8s les autres. Certains, cependant, restent t\u00eatus. Le cancer du testicule fait partie de l&#039;un d&#039;eux.\" \/>\n<meta property=\"og:url\" content=\"https:\/\/getcheckedearly.be\/fr\/cancer-du-testicule-que-devez-vous-savoir\/\" \/>\n<meta property=\"og:site_name\" content=\"Get Checked Early\" \/>\n<meta property=\"article:publisher\" content=\"https:\/\/www.facebook.com\/AllCan-Belgium-117908900051359\" \/>\n<meta property=\"article:modified_time\" content=\"2024-03-05T15:14:09+00:00\" \/>\n<meta property=\"og:image\" content=\"https:\/\/staging.getcheckedearly.be\/wp-content\/uploads\/2022\/11\/1.png\" \/>\n\t<meta property=\"og:image:width\" content=\"1302\" \/>\n\t<meta property=\"og:image:height\" content=\"1409\" \/>\n\t<meta property=\"og:image:type\" content=\"image\/png\" \/>\n<meta name=\"twitter:card\" content=\"summary_large_image\" \/>\n<meta name=\"twitter:site\" content=\"@allcanbelgium\" \/>\n<meta name=\"twitter:label1\" content=\"Dur\u00e9e de lecture estim\u00e9e\" \/>\n\t<meta name=\"twitter:data1\" content=\"3 minutes\" \/>\n<script type=\"application\/ld+json\" class=\"yoast-schema-graph\">{\"@context\":\"https:\/\/schema.org\",\"@graph\":[{\"@type\":\"WebPage\",\"@id\":\"https:\/\/getcheckedearly.be\/fr\/cancer-du-testicule-que-devez-vous-savoir\/\",\"url\":\"https:\/\/getcheckedearly.be\/fr\/cancer-du-testicule-que-devez-vous-savoir\/\",\"name\":\"Cancer du testicule : que devez-vous savoir ? - Get Checked Early\",\"isPartOf\":{\"@id\":\"https:\/\/getcheckedearly.be\/fr\/#website\"},\"primaryImageOfPage\":{\"@id\":\"https:\/\/getcheckedearly.be\/fr\/cancer-du-testicule-que-devez-vous-savoir\/#primaryimage\"},\"image\":{\"@id\":\"https:\/\/getcheckedearly.be\/fr\/cancer-du-testicule-que-devez-vous-savoir\/#primaryimage\"},\"thumbnailUrl\":\"https:\/\/getcheckedearly.be\/wp-content\/uploads\/2022\/11\/1.png\",\"datePublished\":\"2022-11-14T10:46:19+00:00\",\"dateModified\":\"2024-03-05T15:14:09+00:00\",\"description\":\"Au cours des derni\u00e8res d\u00e9cennies, les tabous sont tomb\u00e9s les uns apr\u00e8s les autres. Certains, cependant, restent t\u00eatus. Le cancer du testicule fait partie de l'un d'eux.\",\"breadcrumb\":{\"@id\":\"https:\/\/getcheckedearly.be\/fr\/cancer-du-testicule-que-devez-vous-savoir\/#breadcrumb\"},\"inLanguage\":\"fr-FR\",\"potentialAction\":[{\"@type\":\"ReadAction\",\"target\":[\"https:\/\/getcheckedearly.be\/fr\/cancer-du-testicule-que-devez-vous-savoir\/\"]}]},{\"@type\":\"ImageObject\",\"inLanguage\":\"fr-FR\",\"@id\":\"https:\/\/getcheckedearly.be\/fr\/cancer-du-testicule-que-devez-vous-savoir\/#primaryimage\",\"url\":\"https:\/\/getcheckedearly.be\/wp-content\/uploads\/2022\/11\/1.png\",\"contentUrl\":\"https:\/\/getcheckedearly.be\/wp-content\/uploads\/2022\/11\/1.png\",\"width\":1302,\"height\":1409},{\"@type\":\"BreadcrumbList\",\"@id\":\"https:\/\/getcheckedearly.be\/fr\/cancer-du-testicule-que-devez-vous-savoir\/#breadcrumb\",\"itemListElement\":[{\"@type\":\"ListItem\",\"position\":1,\"name\":\"Home\",\"item\":\"https:\/\/getcheckedearly.be\/\"},{\"@type\":\"ListItem\",\"position\":2,\"name\":\"Cancer du testicule : que devez-vous savoir ?\"}]},{\"@type\":\"WebSite\",\"@id\":\"https:\/\/getcheckedearly.be\/fr\/#website\",\"url\":\"https:\/\/getcheckedearly.be\/fr\/\",\"name\":\"Get Checked Early\",\"description\":\"\",\"publisher\":{\"@id\":\"https:\/\/getcheckedearly.be\/fr\/#organization\"},\"potentialAction\":[{\"@type\":\"SearchAction\",\"target\":{\"@type\":\"EntryPoint\",\"urlTemplate\":\"https:\/\/getcheckedearly.be\/fr\/?s={search_term_string}\"},\"query-input\":{\"@type\":\"PropertyValueSpecification\",\"valueRequired\":true,\"valueName\":\"search_term_string\"}}],\"inLanguage\":\"fr-FR\"},{\"@type\":\"Organization\",\"@id\":\"https:\/\/getcheckedearly.be\/fr\/#organization\",\"name\":\"Get Checked Early\",\"url\":\"https:\/\/getcheckedearly.be\/fr\/\",\"logo\":{\"@type\":\"ImageObject\",\"inLanguage\":\"fr-FR\",\"@id\":\"https:\/\/getcheckedearly.be\/fr\/#\/schema\/logo\/image\/\",\"url\":\"https:\/\/getcheckedearly.be\/wp-content\/uploads\/2024\/02\/AllCAN_Logo_Be_White_Slogan.png\",\"contentUrl\":\"https:\/\/getcheckedearly.be\/wp-content\/uploads\/2024\/02\/AllCAN_Logo_Be_White_Slogan.png\",\"width\":2390,\"height\":662,\"caption\":\"Get Checked Early\"},\"image\":{\"@id\":\"https:\/\/getcheckedearly.be\/fr\/#\/schema\/logo\/image\/\"},\"sameAs\":[\"https:\/\/www.facebook.com\/AllCan-Belgium-117908900051359\",\"https:\/\/x.com\/allcanbelgium\",\"https:\/\/www.instagram.com\/allcanbelgium\/\"]}]}<\/script>\n<!-- \/ Yoast SEO plugin. -->","yoast_head_json":{"title":"Cancer du testicule : que devez-vous savoir ? - Get Checked Early","description":"Au cours des derni\u00e8res d\u00e9cennies, les tabous sont tomb\u00e9s les uns apr\u00e8s les autres. Certains, cependant, restent t\u00eatus. Le cancer du testicule fait partie de l'un d'eux.","robots":{"index":"index","follow":"follow","max-snippet":"max-snippet:-1","max-image-preview":"max-image-preview:large","max-video-preview":"max-video-preview:-1"},"canonical":"https:\/\/getcheckedearly.be\/fr\/cancer-du-testicule-que-devez-vous-savoir\/","og_locale":"fr_FR","og_type":"article","og_title":"Cancer du testicule : que devez-vous savoir ? - Get Checked Early","og_description":"Au cours des derni\u00e8res d\u00e9cennies, les tabous sont tomb\u00e9s les uns apr\u00e8s les autres. Certains, cependant, restent t\u00eatus. Le cancer du testicule fait partie de l'un d'eux.","og_url":"https:\/\/getcheckedearly.be\/fr\/cancer-du-testicule-que-devez-vous-savoir\/","og_site_name":"Get Checked Early","article_publisher":"https:\/\/www.facebook.com\/AllCan-Belgium-117908900051359","article_modified_time":"2024-03-05T15:14:09+00:00","og_image":[{"width":1302,"height":1409,"url":"https:\/\/staging.getcheckedearly.be\/wp-content\/uploads\/2022\/11\/1.png","type":"image\/png"}],"twitter_card":"summary_large_image","twitter_site":"@allcanbelgium","twitter_misc":{"Dur\u00e9e de lecture estim\u00e9e":"3 minutes"},"schema":{"@context":"https:\/\/schema.org","@graph":[{"@type":"WebPage","@id":"https:\/\/getcheckedearly.be\/fr\/cancer-du-testicule-que-devez-vous-savoir\/","url":"https:\/\/getcheckedearly.be\/fr\/cancer-du-testicule-que-devez-vous-savoir\/","name":"Cancer du testicule : que devez-vous savoir ? - Get Checked Early","isPartOf":{"@id":"https:\/\/getcheckedearly.be\/fr\/#website"},"primaryImageOfPage":{"@id":"https:\/\/getcheckedearly.be\/fr\/cancer-du-testicule-que-devez-vous-savoir\/#primaryimage"},"image":{"@id":"https:\/\/getcheckedearly.be\/fr\/cancer-du-testicule-que-devez-vous-savoir\/#primaryimage"},"thumbnailUrl":"https:\/\/getcheckedearly.be\/wp-content\/uploads\/2022\/11\/1.png","datePublished":"2022-11-14T10:46:19+00:00","dateModified":"2024-03-05T15:14:09+00:00","description":"Au cours des derni\u00e8res d\u00e9cennies, les tabous sont tomb\u00e9s les uns apr\u00e8s les autres. Certains, cependant, restent t\u00eatus. Le cancer du testicule fait partie de l'un d'eux.","breadcrumb":{"@id":"https:\/\/getcheckedearly.be\/fr\/cancer-du-testicule-que-devez-vous-savoir\/#breadcrumb"},"inLanguage":"fr-FR","potentialAction":[{"@type":"ReadAction","target":["https:\/\/getcheckedearly.be\/fr\/cancer-du-testicule-que-devez-vous-savoir\/"]}]},{"@type":"ImageObject","inLanguage":"fr-FR","@id":"https:\/\/getcheckedearly.be\/fr\/cancer-du-testicule-que-devez-vous-savoir\/#primaryimage","url":"https:\/\/getcheckedearly.be\/wp-content\/uploads\/2022\/11\/1.png","contentUrl":"https:\/\/getcheckedearly.be\/wp-content\/uploads\/2022\/11\/1.png","width":1302,"height":1409},{"@type":"BreadcrumbList","@id":"https:\/\/getcheckedearly.be\/fr\/cancer-du-testicule-que-devez-vous-savoir\/#breadcrumb","itemListElement":[{"@type":"ListItem","position":1,"name":"Home","item":"https:\/\/getcheckedearly.be\/"},{"@type":"ListItem","position":2,"name":"Cancer du testicule : que devez-vous savoir ?"}]},{"@type":"WebSite","@id":"https:\/\/getcheckedearly.be\/fr\/#website","url":"https:\/\/getcheckedearly.be\/fr\/","name":"Get Checked Early","description":"","publisher":{"@id":"https:\/\/getcheckedearly.be\/fr\/#organization"},"potentialAction":[{"@type":"SearchAction","target":{"@type":"EntryPoint","urlTemplate":"https:\/\/getcheckedearly.be\/fr\/?s={search_term_string}"},"query-input":{"@type":"PropertyValueSpecification","valueRequired":true,"valueName":"search_term_string"}}],"inLanguage":"fr-FR"},{"@type":"Organization","@id":"https:\/\/getcheckedearly.be\/fr\/#organization","name":"Get Checked Early","url":"https:\/\/getcheckedearly.be\/fr\/","logo":{"@type":"ImageObject","inLanguage":"fr-FR","@id":"https:\/\/getcheckedearly.be\/fr\/#\/schema\/logo\/image\/","url":"https:\/\/getcheckedearly.be\/wp-content\/uploads\/2024\/02\/AllCAN_Logo_Be_White_Slogan.png","contentUrl":"https:\/\/getcheckedearly.be\/wp-content\/uploads\/2024\/02\/AllCAN_Logo_Be_White_Slogan.png","width":2390,"height":662,"caption":"Get Checked Early"},"image":{"@id":"https:\/\/getcheckedearly.be\/fr\/#\/schema\/logo\/image\/"},"sameAs":["https:\/\/www.facebook.com\/AllCan-Belgium-117908900051359","https:\/\/x.com\/allcanbelgium","https:\/\/www.instagram.com\/allcanbelgium\/"]}]}},"_links":{"self":[{"href":"https:\/\/getcheckedearly.be\/fr\/wp-json\/wp\/v2\/pages\/6221","targetHints":{"allow":["GET"]}}],"collection":[{"href":"https:\/\/getcheckedearly.be\/fr\/wp-json\/wp\/v2\/pages"}],"about":[{"href":"https:\/\/getcheckedearly.be\/fr\/wp-json\/wp\/v2\/types\/page"}],"author":[{"embeddable":true,"href":"https:\/\/getcheckedearly.be\/fr\/wp-json\/wp\/v2\/users\/5"}],"replies":[{"embeddable":true,"href":"https:\/\/getcheckedearly.be\/fr\/wp-json\/wp\/v2\/comments?post=6221"}],"version-history":[{"count":17,"href":"https:\/\/getcheckedearly.be\/fr\/wp-json\/wp\/v2\/pages\/6221\/revisions"}],"predecessor-version":[{"id":8002,"href":"https:\/\/getcheckedearly.be\/fr\/wp-json\/wp\/v2\/pages\/6221\/revisions\/8002"}],"up":[{"embeddable":true,"href":"https:\/\/getcheckedearly.be\/fr\/wp-json\/wp\/v2\/pages\/5846"}],"wp:featuredmedia":[{"embeddable":true,"href":"https:\/\/getcheckedearly.be\/fr\/wp-json\/wp\/v2\/media\/6173"}],"wp:attachment":[{"href":"https:\/\/getcheckedearly.be\/fr\/wp-json\/wp\/v2\/media?parent=6221"}],"curies":[{"name":"wp","href":"https:\/\/api.w.org\/{rel}","templated":true}]}}